{"id":57,"date":"2015-07-26T12:01:54","date_gmt":"2015-07-26T10:01:54","guid":{"rendered":"http:\/\/www.raum-gefluester.de\/?page_id=57"},"modified":"2025-07-01T14:39:26","modified_gmt":"2025-07-01T12:39:26","slug":"systemische-beratung","status":"publish","type":"page","link":"https:\/\/www.raum-gefluester.de\/?page_id=57","title":{"rendered":"Systemische Beratung"},"content":{"rendered":"\n<blockquote class=\"wp-block-quote is-layout-flow wp-block-quote-is-layout-flow\">\n<p><strong><em>\u201eAchte auf Deine Gedanken! Sie sind der Anfang Deiner Taten\u201c<\/em><\/strong><br>\n(Chinesische Weisheit)<\/p>\n<\/blockquote>\n\n\n\n<p>&nbsp;<strong>Systemische Einzel-, Paar- und Familientherapie<\/strong><br>Mein Angebot dazu umfasst psychotherapeutische Einzeltherapie, Paartherapie und Familientherapie im Rahmen einer Kurz- oder Langzeittherapie.<\/p>\n\n\n<div class=\"wp-block-image\">\n<figure class=\"alignleft size-large is-resized\"><a href=\"http:\/\/www.raum-gefluester.de\/wp-content\/uploads\/2025\/07\/Systemische-Beratung_0.png\"><img loading=\"lazy\" decoding=\"async\" width=\"1024\" height=\"576\" src=\"http:\/\/www.raum-gefluester.de\/wp-content\/uploads\/2025\/07\/Systemische-Beratung_0-1024x576.png\" alt=\"\" class=\"wp-image-183\" style=\"width:510px;height:auto\" srcset=\"https:\/\/www.raum-gefluester.de\/wp-content\/uploads\/2025\/07\/Systemische-Beratung_0-1024x576.png 1024w, https:\/\/www.raum-gefluester.de\/wp-content\/uploads\/2025\/07\/Systemische-Beratung_0-300x169.png 300w, https:\/\/www.raum-gefluester.de\/wp-content\/uploads\/2025\/07\/Systemische-Beratung_0-768x432.png 768w, https:\/\/www.raum-gefluester.de\/wp-content\/uploads\/2025\/07\/Systemische-Beratung_0.png 1366w\" sizes=\"auto, (max-width: 1024px) 100vw, 1024px\" \/><\/a><\/figure><\/div>\n\n\n<p><strong>Ich bin therapeutisch systemisch orientiert.<\/strong><br>In der systemischen Therapie unterscheidet man verschiedene Systeme, wie Familien, ein Paar, Freundeskreis oder ein Teil der Arbeitswelt und vieles mehr. Die Familie z.B. wird als zielorientiertes, selbstregulierendes System verstanden. Das Gleichgewicht in einer Familie wird durch st\u00e4ndige Anpassungsprozesse aufrechterhalten.<\/p>\n\n\n\n<p>In manchen Situationen sind Krisen vorhersehbar (z.B. Heirat, Geburt, Pubert\u00e4t, Tod, \u2026) die besondere Anpassungleistungen und Neuorientierungen verlangen. Unterbleiben diese Anpassungen, entsteht ein pathologisches Verhalten. Der Klient mit seinem Symptom ist jedoch nur ein Teil der Pathologie. Es muss das Verhalten aller Systemmitglieder ber\u00fccksichtigt werden \u2013 auch bei Abwesenheit derer. Der Klient ist weder Opfer noch T\u00e4ter, sonder ein Teil eines Gesamtsystems, das das Verhalten bestimmt.<\/p>\n\n\n\n<p>Ich betrachte das Symptom nicht nur als Einschr\u00e4nkung, sondern verstehe es auch als L\u00f6sung einer problematischen Situation. Die Therapie richtet sich also nicht auf die Ver\u00e4nderung der Pers\u00f6nlichkeit des Symptomtr\u00e4gers, sonder auf die Ver\u00e4nderung der Interaktionsmuster innerhalb des Systems.<\/p>\n\n\n\n<p>Meine Therapiemethoden sind wertsch\u00e4tzend und l\u00f6sungsorientiert.<\/p>\n\n\n<div class=\"wp-block-image\">\n<figure class=\"alignright size-full is-resized\"><a href=\"http:\/\/www.raum-gefluester.de\/wp-content\/uploads\/2025\/06\/3-1-.png\"><img loading=\"lazy\" decoding=\"async\" width=\"371\" height=\"449\" src=\"http:\/\/www.raum-gefluester.de\/wp-content\/uploads\/2025\/06\/3-1-.png\" alt=\"\" class=\"wp-image-141\" style=\"width:254px;height:auto\" srcset=\"https:\/\/www.raum-gefluester.de\/wp-content\/uploads\/2025\/06\/3-1-.png 371w, https:\/\/www.raum-gefluester.de\/wp-content\/uploads\/2025\/06\/3-1--248x300.png 248w\" sizes=\"auto, (max-width: 371px) 100vw, 371px\" \/><\/a><\/figure><\/div>","protected":false},"excerpt":{"rendered":"<p>\u201eAchte auf Deine Gedanken! Sie sind der Anfang Deiner Taten\u201c (Chinesische Weisheit) &nbsp;Systemische Einzel-, Paar- und FamilientherapieMein Angebot dazu umfasst psychotherapeutische Einzeltherapie, Paartherapie und Familientherapie im Rahmen einer Kurz- oder Langzeittherapie. Ich bin therapeutisch systemisch orientiert.In der systemischen Therapie unterscheidet&hellip; <\/p>\n","protected":false},"author":1,"featured_media":0,"parent":0,"menu_order":0,"comment_status":"closed","ping_status":"closed","template":"","meta":{"footnotes":""},"class_list":["post-57","page","type-page","status-publish","hentry"],"_links":{"self":[{"href":"https:\/\/www.raum-gefluester.de\/index.php?rest_route=\/wp\/v2\/pages\/57","targetHints":{"allow":["GET"]}}],"collection":[{"href":"https:\/\/www.raum-gefluester.de\/index.php?rest_route=\/wp\/v2\/pages"}],"about":[{"href":"https:\/\/www.raum-gefluester.de\/index.php?rest_route=\/wp\/v2\/types\/page"}],"author":[{"embeddable":true,"href":"https:\/\/www.raum-gefluester.de\/index.php?rest_route=\/wp\/v2\/users\/1"}],"replies":[{"embeddable":true,"href":"https:\/\/www.raum-gefluester.de\/index.php?rest_route=%2Fwp%2Fv2%2Fcomments&post=57"}],"version-history":[{"count":5,"href":"https:\/\/www.raum-gefluester.de\/index.php?rest_route=\/wp\/v2\/pages\/57\/revisions"}],"predecessor-version":[{"id":187,"href":"https:\/\/www.raum-gefluester.de\/index.php?rest_route=\/wp\/v2\/pages\/57\/revisions\/187"}],"wp:attachment":[{"href":"https:\/\/www.raum-gefluester.de\/index.php?rest_route=%2Fwp%2Fv2%2Fmedia&parent=57"}],"curies":[{"name":"wp","href":"https:\/\/api.w.org\/{rel}","templated":true}]}}