{"id":55,"date":"2015-07-26T12:01:30","date_gmt":"2015-07-26T10:01:30","guid":{"rendered":"http:\/\/www.raum-gefluester.de\/?page_id=55"},"modified":"2025-07-01T14:25:16","modified_gmt":"2025-07-01T12:25:16","slug":"cranio-sacrale-therapie","status":"publish","type":"page","link":"https:\/\/www.raum-gefluester.de\/?page_id=55","title":{"rendered":"Cranio-Sacrale-Therapie"},"content":{"rendered":"\n<blockquote class=\"wp-block-quote is-layout-flow wp-block-quote-is-layout-flow\">\n<p><strong><em>&#8222;Manchmal muss man seinem Herzen richtig Luft machen,<br>damit die Seele wieder frei atmen kann.&#8220;<\/em><\/strong><\/p>\n<\/blockquote>\n\n\n\n<p><strong><em>&#8222;Der K\u00f6rper liefert dir immer ein getreues Spiegelbild; wenn du also wirklich Einblick in deinen Verstand nehmen willst, musst du dir deine Emotionen anschauen, besser gesagt, sie in deinem K\u00f6rper f\u00fchlen&#8220;<\/em><\/strong><br>\n<em>Eckhart Tolle<\/em><\/p>\n\n\n\n<p>Die Cranio-Sacrale-Behandlung ist eine sanfte, manuelle Form der K\u00f6rper- und Energiearbeit.<\/p>\n\n\n\n<p>Behandelt wird vorwiegend am Sch\u00e4del (Cranium), Rumpf und Kreuzbein (Sacrum). Dabei kann an verschiedensten K\u00f6rperstellen oder auch l\u00e4ngere Zeit an einer Stelle dem Cranio-Sacrale-Rhytmus gelauscht und das Cranio-Sacrale-System mit spezifischen Techniken behandelt und harmonisiert werden.<\/p>\n\n\n\n<p>Die Entspannung des Klienten auf der k\u00f6rperlicher, emotionaler und seelischer Ebene unterst\u00fctzt und aktiviert die inneren Heilkr\u00e4fte. Unmittelbares Erleben und Freiheit des Seins, Wahrnehmen der Einheit von K\u00f6rper-Geist-Seele, das Flie\u00dfen und Str\u00f6men im K\u00f6rper sp\u00fcren, sich als Einheit in einem gr\u00f6\u00dferen Ganzen wahrnehmen, friedvolle und gl\u00fcckselige Empfindungen erleben.&nbsp;Dadurch werden auf der psychischen Ebene Heilungsprozesse angeregt und unterst\u00fctzt.<\/p>\n\n\n\n<p>Es geht einerseits um die Gesunderhaltung, Entspannung und das Wohlbefinden, dar\u00fcber hinaus aber ebenfalls um die Behandlung von verschiedenen Formen des Unwohlseins.<\/p>\n\n\n\n<figure class=\"wp-block-image size-large\"><a href=\"http:\/\/www.raum-gefluester.de\/wp-content\/uploads\/2025\/07\/Cranio-Sacrale-Therapie_0.png\"><img loading=\"lazy\" decoding=\"async\" width=\"1024\" height=\"576\" src=\"http:\/\/www.raum-gefluester.de\/wp-content\/uploads\/2025\/07\/Cranio-Sacrale-Therapie_0-1024x576.png\" alt=\"\" class=\"wp-image-163\" srcset=\"https:\/\/www.raum-gefluester.de\/wp-content\/uploads\/2025\/07\/Cranio-Sacrale-Therapie_0-1024x576.png 1024w, https:\/\/www.raum-gefluester.de\/wp-content\/uploads\/2025\/07\/Cranio-Sacrale-Therapie_0-300x169.png 300w, https:\/\/www.raum-gefluester.de\/wp-content\/uploads\/2025\/07\/Cranio-Sacrale-Therapie_0-768x432.png 768w, https:\/\/www.raum-gefluester.de\/wp-content\/uploads\/2025\/07\/Cranio-Sacrale-Therapie_0.png 1366w\" sizes=\"auto, (max-width: 1024px) 100vw, 1024px\" \/><\/a><\/figure>\n","protected":false},"excerpt":{"rendered":"<p>&#8222;Manchmal muss man seinem Herzen richtig Luft machen,damit die Seele wieder frei atmen kann.&#8220; &#8222;Der K\u00f6rper liefert dir immer ein getreues Spiegelbild; wenn du also wirklich Einblick in deinen Verstand nehmen willst, musst du dir deine Emotionen anschauen, besser gesagt,&hellip; <\/p>\n","protected":false},"author":1,"featured_media":0,"parent":0,"menu_order":0,"comment_status":"closed","ping_status":"closed","template":"","meta":{"footnotes":""},"class_list":["post-55","page","type-page","status-publish","hentry"],"_links":{"self":[{"href":"https:\/\/www.raum-gefluester.de\/index.php?rest_route=\/wp\/v2\/pages\/55","targetHints":{"allow":["GET"]}}],"collection":[{"href":"https:\/\/www.raum-gefluester.de\/index.php?rest_route=\/wp\/v2\/pages"}],"about":[{"href":"https:\/\/www.raum-gefluester.de\/index.php?rest_route=\/wp\/v2\/types\/page"}],"author":[{"embeddable":true,"href":"https:\/\/www.raum-gefluester.de\/index.php?rest_route=\/wp\/v2\/users\/1"}],"replies":[{"embeddable":true,"href":"https:\/\/www.raum-gefluester.de\/index.php?rest_route=%2Fwp%2Fv2%2Fcomments&post=55"}],"version-history":[{"count":11,"href":"https:\/\/www.raum-gefluester.de\/index.php?rest_route=\/wp\/v2\/pages\/55\/revisions"}],"predecessor-version":[{"id":169,"href":"https:\/\/www.raum-gefluester.de\/index.php?rest_route=\/wp\/v2\/pages\/55\/revisions\/169"}],"wp:attachment":[{"href":"https:\/\/www.raum-gefluester.de\/index.php?rest_route=%2Fwp%2Fv2%2Fmedia&parent=55"}],"curies":[{"name":"wp","href":"https:\/\/api.w.org\/{rel}","templated":true}]}}