{"id":37,"date":"2014-09-14T19:58:59","date_gmt":"2014-09-14T17:58:59","guid":{"rendered":"http:\/\/www.raum-gefluester.de\/?page_id=37"},"modified":"2025-10-19T13:29:15","modified_gmt":"2025-10-19T11:29:15","slug":"therapie","status":"publish","type":"page","link":"https:\/\/www.raum-gefluester.de\/?page_id=37","title":{"rendered":"Therapie"},"content":{"rendered":"\n<blockquote class=\"wp-block-quote is-layout-flow wp-block-quote-is-layout-flow\">\n<p class=\"has-text-align-left\"><em><strong>&#8222;Wir sind, was wir f\u00fchlen und wahrnehmen&#8220;<\/strong><br><\/em><em>Thich Nath Hanh<\/em><\/p>\n<\/blockquote>\n\n\n<div class=\"wp-block-image\">\n<figure class=\"alignleft size-large is-resized\"><a href=\"http:\/\/www.raum-gefluester.de\/wp-content\/uploads\/2025\/06\/3-2.png\"><img decoding=\"async\" src=\"http:\/\/www.raum-gefluester.de\/wp-content\/uploads\/2025\/06\/3-2-.png\" alt=\"\" style=\"width:232px;height:auto\"\/><\/a><\/figure><\/div>\n\n\n<p>In der Cranio-Sacralen-Energiearbeit, sowie in der Gespr\u00e4chstherapie begleite ich den Klienten, in dem die eigenen Kraftquellen genutzt werden. Dies hilft dem Klienten positiv mit starken Gef\u00fchlen, entdeckten Erkenntnissen und neuen K\u00f6rperempfindungen umzugehen. <\/p>\n\n\n\n<p><\/p>\n\n\n\n<p><\/p>\n\n\n<div class=\"wp-block-image is-style-default\">\n<figure class=\"alignright size-full is-resized\"><a href=\"http:\/\/www.raum-gefluester.de\/wp-content\/uploads\/2025\/07\/Therapie_0-e1751373829546.png\"><img decoding=\"async\" src=\"http:\/\/www.raum-gefluester.de\/wp-content\/uploads\/2025\/07\/Therapie_0.png\" alt=\"\" class=\"wp-image-184\" style=\"width:506px;height:auto\"\/><\/a><\/figure><\/div>\n\n\n<p><\/p>\n\n\n\n<p>Selbstvertrauen und Selbstverantwortung k\u00f6nnen dadurch gest\u00e4rkt werden. Sowohl meine Cranio-Sacral-Arbeit, meine Systemische Beratung und dem Hintergrund der Hom\u00f6opathie erm\u00f6glichen, das sich festgefahrene, tieferliegende Traumata und Blockierungen aufzul\u00f6sen beginnen.<\/p>\n","protected":false},"excerpt":{"rendered":"<p>&#8222;Wir sind, was wir f\u00fchlen und wahrnehmen&#8220;Thich Nath Hanh In der Cranio-Sacralen-Energiearbeit, sowie in der Gespr\u00e4chstherapie begleite ich den Klienten, in dem die eigenen Kraftquellen genutzt werden. Dies hilft dem Klienten positiv mit starken Gef\u00fchlen, entdeckten Erkenntnissen und neuen K\u00f6rperempfindungen&hellip; <\/p>\n","protected":false},"author":1,"featured_media":0,"parent":0,"menu_order":0,"comment_status":"closed","ping_status":"closed","template":"","meta":{"footnotes":""},"class_list":["post-37","page","type-page","status-publish","hentry"],"_links":{"self":[{"href":"https:\/\/www.raum-gefluester.de\/index.php?rest_route=\/wp\/v2\/pages\/37","targetHints":{"allow":["GET"]}}],"collection":[{"href":"https:\/\/www.raum-gefluester.de\/index.php?rest_route=\/wp\/v2\/pages"}],"about":[{"href":"https:\/\/www.raum-gefluester.de\/index.php?rest_route=\/wp\/v2\/types\/page"}],"author":[{"embeddable":true,"href":"https:\/\/www.raum-gefluester.de\/index.php?rest_route=\/wp\/v2\/users\/1"}],"replies":[{"embeddable":true,"href":"https:\/\/www.raum-gefluester.de\/index.php?rest_route=%2Fwp%2Fv2%2Fcomments&post=37"}],"version-history":[{"count":20,"href":"https:\/\/www.raum-gefluester.de\/index.php?rest_route=\/wp\/v2\/pages\/37\/revisions"}],"predecessor-version":[{"id":202,"href":"https:\/\/www.raum-gefluester.de\/index.php?rest_route=\/wp\/v2\/pages\/37\/revisions\/202"}],"wp:attachment":[{"href":"https:\/\/www.raum-gefluester.de\/index.php?rest_route=%2Fwp%2Fv2%2Fmedia&parent=37"}],"curies":[{"name":"wp","href":"https:\/\/api.w.org\/{rel}","templated":true}]}}