{"id":33,"date":"2014-09-14T19:58:02","date_gmt":"2014-09-14T17:58:02","guid":{"rendered":"http:\/\/www.raum-gefluester.de\/?page_id=33"},"modified":"2025-07-01T14:31:23","modified_gmt":"2025-07-01T12:31:23","slug":"gut-zu-wissen","status":"publish","type":"page","link":"https:\/\/www.raum-gefluester.de\/?page_id=33","title":{"rendered":"Gut zu wissen &#8230;"},"content":{"rendered":"\n<figure class=\"wp-block-image size-large\"><a href=\"http:\/\/www.raum-gefluester.de\/wp-content\/uploads\/2025\/07\/Gut-zu-wissen_0.png\"><img loading=\"lazy\" decoding=\"async\" width=\"1024\" height=\"576\" src=\"http:\/\/www.raum-gefluester.de\/wp-content\/uploads\/2025\/07\/Gut-zu-wissen_0-1024x576.png\" alt=\"\" class=\"wp-image-165\" srcset=\"https:\/\/www.raum-gefluester.de\/wp-content\/uploads\/2025\/07\/Gut-zu-wissen_0-1024x576.png 1024w, https:\/\/www.raum-gefluester.de\/wp-content\/uploads\/2025\/07\/Gut-zu-wissen_0-300x169.png 300w, https:\/\/www.raum-gefluester.de\/wp-content\/uploads\/2025\/07\/Gut-zu-wissen_0-768x432.png 768w, https:\/\/www.raum-gefluester.de\/wp-content\/uploads\/2025\/07\/Gut-zu-wissen_0.png 1366w\" sizes=\"auto, (max-width: 1024px) 100vw, 1024px\" \/><\/a><\/figure>\n\n\n\n<blockquote class=\"wp-block-quote is-layout-flow wp-block-quote-is-layout-flow\">\n<p><strong><em>\u201eEs gibt einen guten Grund, sich heute f\u00fcr sein Lebensgl\u00fcck zu entscheiden \u2013 <\/em><\/strong><br>\n<strong><em>morgen ist dieses Heute unwiederbringlich vorbei!\u201c<\/em><\/strong><br>\n<span style=\"font-size: small;\">(Erich J. Lejeune)<\/span><\/p>\n<\/blockquote>\n\n\n\n<p>\u00a0<strong>Heilpraktiker f\u00fcr Psychotherapie <\/strong><\/p>\n\n\n\n<p>Heilpraktiker f\u00fcr Psychotherapie haben eine staatliche Zulassung zur Aus\u00fcbung der Psychotherapie nach dem Heilpraktikergesetz. Diese wird auf Grund einer schriftlichen und m\u00fcndlichen Pr\u00fcfung erteilt, die vor einer staatlichen Beh\u00f6rde abgelegt wird und in der psychotherapeutisches und psychiatrisches Fachwissen sowie diagnostische F\u00e4higkeiten unter Beweis gestellt werden m\u00fcssen.<\/p>\n\n\n\n<p>Zu Ihrer und zu meiner Sicherheit, sollte von Ihrem Arzt eine k\u00f6rperliche Erkrankung ausgeschlossen werden.<\/p>\n","protected":false},"excerpt":{"rendered":"<p>\u201eEs gibt einen guten Grund, sich heute f\u00fcr sein Lebensgl\u00fcck zu entscheiden \u2013 morgen ist dieses Heute unwiederbringlich vorbei!\u201c (Erich J. Lejeune) \u00a0Heilpraktiker f\u00fcr Psychotherapie Heilpraktiker f\u00fcr Psychotherapie haben eine staatliche Zulassung zur Aus\u00fcbung der Psychotherapie nach dem Heilpraktikergesetz. Diese&hellip; <\/p>\n","protected":false},"author":1,"featured_media":0,"parent":0,"menu_order":0,"comment_status":"closed","ping_status":"closed","template":"","meta":{"footnotes":""},"class_list":["post-33","page","type-page","status-publish","hentry"],"_links":{"self":[{"href":"https:\/\/www.raum-gefluester.de\/index.php?rest_route=\/wp\/v2\/pages\/33","targetHints":{"allow":["GET"]}}],"collection":[{"href":"https:\/\/www.raum-gefluester.de\/index.php?rest_route=\/wp\/v2\/pages"}],"about":[{"href":"https:\/\/www.raum-gefluester.de\/index.php?rest_route=\/wp\/v2\/types\/page"}],"author":[{"embeddable":true,"href":"https:\/\/www.raum-gefluester.de\/index.php?rest_route=\/wp\/v2\/users\/1"}],"replies":[{"embeddable":true,"href":"https:\/\/www.raum-gefluester.de\/index.php?rest_route=%2Fwp%2Fv2%2Fcomments&post=33"}],"version-history":[{"count":3,"href":"https:\/\/www.raum-gefluester.de\/index.php?rest_route=\/wp\/v2\/pages\/33\/revisions"}],"predecessor-version":[{"id":173,"href":"https:\/\/www.raum-gefluester.de\/index.php?rest_route=\/wp\/v2\/pages\/33\/revisions\/173"}],"wp:attachment":[{"href":"https:\/\/www.raum-gefluester.de\/index.php?rest_route=%2Fwp%2Fv2%2Fmedia&parent=33"}],"curies":[{"name":"wp","href":"https:\/\/api.w.org\/{rel}","templated":true}]}}