{"id":31,"date":"2014-09-14T19:57:21","date_gmt":"2014-09-14T17:57:21","guid":{"rendered":"http:\/\/www.raum-gefluester.de\/?page_id=31"},"modified":"2025-07-01T14:33:33","modified_gmt":"2025-07-01T12:33:33","slug":"honorar","status":"publish","type":"page","link":"https:\/\/www.raum-gefluester.de\/?page_id=31","title":{"rendered":"Honorar"},"content":{"rendered":"\n<blockquote class=\"wp-block-quote is-layout-flow wp-block-quote-is-layout-flow\">\n<p><strong><em>\u201eWer nach Ausreden sucht, hat keine Zeit \u00fcber L\u00f6sungen nachzudenken!\u201c<\/em><\/strong><br>\n<span style=\"font-size: small;\">(Erich J. Lejeune)<\/span><\/p>\n<\/blockquote>\n\n\n\n<p><em>&nbsp;<\/em><\/p>\n\n\n<div class=\"wp-block-image\">\n<figure class=\"alignleft size-large is-resized\"><a href=\"http:\/\/www.raum-gefluester.de\/wp-content\/uploads\/2025\/07\/Honorar_0.png\"><img loading=\"lazy\" decoding=\"async\" width=\"1024\" height=\"576\" src=\"http:\/\/www.raum-gefluester.de\/wp-content\/uploads\/2025\/07\/Honorar_0-1024x576.png\" alt=\"\" class=\"wp-image-166\" style=\"width:540px;height:auto\" srcset=\"https:\/\/www.raum-gefluester.de\/wp-content\/uploads\/2025\/07\/Honorar_0-1024x576.png 1024w, https:\/\/www.raum-gefluester.de\/wp-content\/uploads\/2025\/07\/Honorar_0-300x169.png 300w, https:\/\/www.raum-gefluester.de\/wp-content\/uploads\/2025\/07\/Honorar_0-768x432.png 768w, https:\/\/www.raum-gefluester.de\/wp-content\/uploads\/2025\/07\/Honorar_0.png 1366w\" sizes=\"auto, (max-width: 1024px) 100vw, 1024px\" \/><\/a><\/figure><\/div>\n\n\n<p>Als Heilpraktikerin f\u00fcr Psychotherapie rechne ich privat ab.<br>\nDie private Abrechnung hat f\u00fcr Sie den Vorteil, dass eine privat bezahlte Therapie oder Beratung&nbsp; immer auch eine private Angelegenheit bleibt. Das bedeutet f\u00fcr Sie, dass Sie nirgends (z.B. Versicherungsgesellschaften oder Dritten) &nbsp;Angaben dar\u00fcber machen m\u00fcssen und so Risikozuschl\u00e4ge, Ablehnungen oder sonstige Benachteiligungen vermeiden.<\/p>\n\n\n\n<p><strong>Honorar:<\/strong><br>\nF\u00fcr das Erstgespr\u00e4ch, ebenso f\u00fcr jeden weiteren Termin \u00e0 60 Minuten berechne ich 80,00\u20ac.<br>\nIch f\u00fchre eine Bestellpraxis \u2013 um Ihnen Wartezeiten zu ersparen und damit ich mir genug Zeit f\u00fcr Sie nehmen kann.<\/p>\n\n\n\n<p>Da ich w\u00e4hrend eines Gespr\u00e4chs nicht erreichbar bin, bitte ich Sie, mir Ihren Namen und Ihr Anliegen auf den Anrufbeantworter zu sprechen.<br>\nIch rufe Sie dann schnellstm\u00f6glich zur\u00fcck.<\/p>\n\n\n\n<p>Sollten Sie mal einen Termin nicht wahrnehmen k\u00f6nnen, bitte ich Sie, diesen mindestens 24 Stunden vorher abzusagen.<br>\nBei Nichtwahrnehmung eines Termins ohne vorherige Absage behalte ich mir vor, den Termin zu berechnen.<\/p>\n","protected":false},"excerpt":{"rendered":"<p>\u201eWer nach Ausreden sucht, hat keine Zeit \u00fcber L\u00f6sungen nachzudenken!\u201c (Erich J. Lejeune) &nbsp; Als Heilpraktikerin f\u00fcr Psychotherapie rechne ich privat ab. Die private Abrechnung hat f\u00fcr Sie den Vorteil, dass eine privat bezahlte Therapie oder Beratung&nbsp; immer auch eine&hellip; <\/p>\n","protected":false},"author":1,"featured_media":0,"parent":0,"menu_order":0,"comment_status":"closed","ping_status":"closed","template":"","meta":{"footnotes":""},"class_list":["post-31","page","type-page","status-publish","hentry"],"_links":{"self":[{"href":"https:\/\/www.raum-gefluester.de\/index.php?rest_route=\/wp\/v2\/pages\/31","targetHints":{"allow":["GET"]}}],"collection":[{"href":"https:\/\/www.raum-gefluester.de\/index.php?rest_route=\/wp\/v2\/pages"}],"about":[{"href":"https:\/\/www.raum-gefluester.de\/index.php?rest_route=\/wp\/v2\/types\/page"}],"author":[{"embeddable":true,"href":"https:\/\/www.raum-gefluester.de\/index.php?rest_route=\/wp\/v2\/users\/1"}],"replies":[{"embeddable":true,"href":"https:\/\/www.raum-gefluester.de\/index.php?rest_route=%2Fwp%2Fv2%2Fcomments&post=31"}],"version-history":[{"count":4,"href":"https:\/\/www.raum-gefluester.de\/index.php?rest_route=\/wp\/v2\/pages\/31\/revisions"}],"predecessor-version":[{"id":175,"href":"https:\/\/www.raum-gefluester.de\/index.php?rest_route=\/wp\/v2\/pages\/31\/revisions\/175"}],"wp:attachment":[{"href":"https:\/\/www.raum-gefluester.de\/index.php?rest_route=%2Fwp%2Fv2%2Fmedia&parent=31"}],"curies":[{"name":"wp","href":"https:\/\/api.w.org\/{rel}","templated":true}]}}