{"id":27,"date":"2014-09-14T19:51:31","date_gmt":"2014-09-14T17:51:31","guid":{"rendered":"http:\/\/www.raum-gefluester.de\/?page_id=27"},"modified":"2025-07-01T14:35:47","modified_gmt":"2025-07-01T12:35:47","slug":"impressum","status":"publish","type":"page","link":"https:\/\/www.raum-gefluester.de\/?page_id=27","title":{"rendered":"Impressum"},"content":{"rendered":"<div class=\"wp-block-image\">\n<figure class=\"aligncenter size-large\"><a href=\"http:\/\/www.raum-gefluester.de\/wp-content\/uploads\/2025\/07\/Impressum_0.png\"><img loading=\"lazy\" decoding=\"async\" width=\"1024\" height=\"576\" src=\"http:\/\/www.raum-gefluester.de\/wp-content\/uploads\/2025\/07\/Impressum_0-1024x576.png\" alt=\"\" class=\"wp-image-167\" srcset=\"https:\/\/www.raum-gefluester.de\/wp-content\/uploads\/2025\/07\/Impressum_0-1024x576.png 1024w, https:\/\/www.raum-gefluester.de\/wp-content\/uploads\/2025\/07\/Impressum_0-300x169.png 300w, https:\/\/www.raum-gefluester.de\/wp-content\/uploads\/2025\/07\/Impressum_0-768x432.png 768w, https:\/\/www.raum-gefluester.de\/wp-content\/uploads\/2025\/07\/Impressum_0.png 1366w\" sizes=\"auto, (max-width: 1024px) 100vw, 1024px\" \/><\/a><\/figure><\/div>\n\n\n<p>Heilpraktikerin f\u00fcr Psychotherapie<br>\nAnke Bachmann<br>\nebenfalls Verantwortliche f\u00fcr den Inhalt der Hompepage nach \u00a7 55 Abs. 2 RStV<br>\nAm Hexenberg 48<br>\n64407 Fr\u00e4nkisch-Crumbach<br>\nTelefonnummer: 06164-515429<br>\ne-mail:&nbsp; <a href=\"mailto:anke@raum-gefluester.de\">anke[at]raum-gefluester[dot]de<\/a><\/p>\n\n\n\n<div id=\"impresstext\">\n<p>Steuer-Nr.: 033 803 00970<br>\nFinanzamt Michelstadt<\/p>\n<p>Gesetzliche Berufsbezeichnung:&nbsp;Heilpraktikerin f\u00fcr Psychotherapie<br>\n(verliehen in der Bundesrepublik Deutschland)<\/p>\n<p>Zust\u00e4ndige Aufsichtsbeh\u00f6rde: Gesundheitsamt<br>\n64711 Erbach, Michelst\u00e4dter Stra\u00dfe 12<\/p>\n<p>Berufsrechtliche Regelungen:<br>\nGesetz \u00fcber die berufsm\u00e4\u00dfige Aus\u00fcbung der Heilkunde ohne \u00e4rztliche Bestallung (Heilpraktikergesetz) und Durchf\u00fchrungsverordnung:<br>\nNachzulesen im Internet unter<br>\n<a href=\"http:\/\/www.gesetze-im-internet.de\/heilprg\/index.html\">http:\/\/www.gesetze-im-internet.de\/heilprg\/index.html<\/a> und<br>\n<a href=\"http:\/\/www.gesetze-im-internet.de\/heilprgdv_1\/index.html\">http:\/\/www.gesetze-im-internet.de\/heilprgdv_1\/index.html<\/a><br>\noder<br>\n<a href=\"http:\/\/freieheilpraktiker.com\/Patienteninfo\/Heilpraktikergesetz\">http:\/\/freieheilpraktiker.com\/Patienteninfo\/Heilpraktikergesetz<\/a><br>\nBerufsordnung: Nachzulesen im Internet unter<br>\n<a href=\"http:\/\/freieheilpraktiker.com\/Patienteninfo\/Berufsordnung\">http:\/\/freieheilpraktiker.com\/Patienteninfo\/Berufsordnung<\/a><\/p>\n<p>Heilkundliche T\u00e4tigkeit ist von der Umsatzsteuer gem\u00e4\u00df \u00a7 4 Nr.14 UStG befreit.<\/p>\n<p><strong>Haftungsausschlu\u00df <\/strong><br>\nF\u00fcr Tippfehler und Irrt\u00fcmer kann Anke Bachmann nicht haftbar gemacht werden. Anke Bachmann distanziert sich ausdr\u00fccklich von allen Inhalten der Seiten, zu denen Links von Anke Bachmann f\u00fchren. Wir betonen, dass wir keinerlei Einfluss auf die Gestaltung und die Inhalte der gelinkten Seiten sowie deren Unterseiten haben.<\/p>\n<p><strong>Datenschutz<\/strong><br>\nIch freue mich \u00fcber Ihr Interesse an meiner Internetpr\u00e4senz. Ich nehme den Schutz Ihrer<br>\npers\u00f6nlichen Daten sehr ernst und halte mich strikt an die Regeln der gesetzlichen Vorgaben,<br>\ninsbesondere der Datenschutzgesetze.<br>\nDie folgenden Informationen geben Ihnen einen \u00dcberblick dar\u00fcber, wie ich den Schutz Ihrer<br>\npers\u00f6nlichen Daten gew\u00e4hrleiste und welche Daten zu welchen Zwecken erhoben werden.<br>\nGrunds\u00e4tzlich k\u00f6nnen Sie meinen Webauftritt besuchen, ohne dass ich pers\u00f6nliche Daten<br>\nvon Ihnen ben\u00f6tige. Bei einem Besuch auf meiner Homepage erhebe und speichere ich<br>\nautomatisch in meinen Servern Log Files Informationen, die Ihr Browser an mich \u00fcbermittelt.<\/p>\n<p>Dies sind:<br>\n&#8211; Der Name Ihres Internet-Providers<br>\n&#8211; Die Webseite von der Sie uns besuchen (Referrer URL)<br>\n&#8211; Die technische Version Ihres Browsers<br>\n&#8211; Ihr Betriebssystem<br>\n&#8211; Ihre IP Adresse<br>\n&#8211; Uhrzeit des Seitenbesuchs \/ der Serveranfrage<br>\n&#8211; Die Seiten, die Sie bei mir aufrufen.<\/p>\n<p>Diese Daten sind f\u00fcr mich nicht bestimmten Personen zuzuordnen. Eine Zusammenf\u00fchrung<br>\ndieser Daten mit anderen Datenquellen wird nicht vorgenommen, die Daten werden<br>\nzudem nach einer statistischen Auswertung gel\u00f6scht.<br>\nMir steht die alleinige Herrschaft \u00fcber alle Daten zu, die w\u00e4hrend Ihres Besuches auf meinen<br>\nWebseiten erfasst werden. Diese Informationen werden ausschlie\u00dflich in der hier dargestellten<br>\nWeise verwendet; sie werden nicht an Dritte weitergegeben<br>\nAuskunftsrecht und Kontaktaufnahme hinsichtlich dieser Datenschutzbestimmungen:<br>\nSie haben bez\u00fcglich der Ihre Person betreffenden Daten ein jederzeitiges Auskunftsrecht.<br>\nDieses betrifft die pers\u00f6nlichen Angaben, deren Herkunft und Empf\u00e4nger sowie den Zweck<br>\nder Speicherung.<br>\nIhr Vertrauen ist mir wichtig. Daher m\u00f6chte ich Ihnen jederzeit Rede und Antwort bez\u00fcglich<br>\nder Verarbeitung Ihrer personenbezogenen Daten stehen. Wenn Sie Fragen haben, die Ihnen<br>\ndiese Datenschutzerkl\u00e4rung nicht beantworten konnte oder wenn Sie zu einem Punkt<br>\nvertiefte Informationen w\u00fcnschen, stehe ich Ihnen gern zur Verf\u00fcgung.<\/p>\n<p>Ich gebe Ihnen jederzeit Auskunft \u00fcber Ihre bei uns gespeicherte Email-Adresse oder<br>\nsonstigen Daten. Hierzu wenden Sie sich bitte an die Emailadresse:<br>\n<a href=\"mailto:anke@raum-gefluester.de\">anke[at]raum-gefluester[dot]de<\/a><\/p>\n<\/div>\n","protected":false},"excerpt":{"rendered":"<p>Heilpraktikerin f\u00fcr Psychotherapie Anke Bachmann ebenfalls Verantwortliche f\u00fcr den Inhalt der Hompepage nach \u00a7 55 Abs. 2 RStV Am Hexenberg 48 64407 Fr\u00e4nkisch-Crumbach Telefonnummer: 06164-515429 e-mail:&nbsp; anke[at]raum-gefluester[dot]de Steuer-Nr.: 033 803 00970 Finanzamt Michelstadt Gesetzliche Berufsbezeichnung:&nbsp;Heilpraktikerin f\u00fcr Psychotherapie (verliehen in der&hellip; <\/p>\n","protected":false},"author":1,"featured_media":0,"parent":0,"menu_order":0,"comment_status":"closed","ping_status":"closed","template":"","meta":{"footnotes":""},"class_list":["post-27","page","type-page","status-publish","hentry"],"_links":{"self":[{"href":"https:\/\/www.raum-gefluester.de\/index.php?rest_route=\/wp\/v2\/pages\/27","targetHints":{"allow":["GET"]}}],"collection":[{"href":"https:\/\/www.raum-gefluester.de\/index.php?rest_route=\/wp\/v2\/pages"}],"about":[{"href":"https:\/\/www.raum-gefluester.de\/index.php?rest_route=\/wp\/v2\/types\/page"}],"author":[{"embeddable":true,"href":"https:\/\/www.raum-gefluester.de\/index.php?rest_route=\/wp\/v2\/users\/1"}],"replies":[{"embeddable":true,"href":"https:\/\/www.raum-gefluester.de\/index.php?rest_route=%2Fwp%2Fv2%2Fcomments&post=27"}],"version-history":[{"count":8,"href":"https:\/\/www.raum-gefluester.de\/index.php?rest_route=\/wp\/v2\/pages\/27\/revisions"}],"predecessor-version":[{"id":179,"href":"https:\/\/www.raum-gefluester.de\/index.php?rest_route=\/wp\/v2\/pages\/27\/revisions\/179"}],"wp:attachment":[{"href":"https:\/\/www.raum-gefluester.de\/index.php?rest_route=%2Fwp%2Fv2%2Fmedia&parent=27"}],"curies":[{"name":"wp","href":"https:\/\/api.w.org\/{rel}","templated":true}]}}