{"id":19,"date":"2014-09-14T19:36:58","date_gmt":"2014-09-14T17:36:58","guid":{"rendered":"http:\/\/www.raum-gefluester.de\/?page_id=19"},"modified":"2025-07-01T14:40:40","modified_gmt":"2025-07-01T12:40:40","slug":"ueber-mich","status":"publish","type":"page","link":"https:\/\/www.raum-gefluester.de\/?page_id=19","title":{"rendered":"\u00dcber mich"},"content":{"rendered":"\n<figure class=\"wp-block-image size-large\"><a href=\"http:\/\/www.raum-gefluester.de\/wp-content\/uploads\/2025\/07\/Ueber-mich_0.png\"><img loading=\"lazy\" decoding=\"async\" width=\"1024\" height=\"576\" src=\"http:\/\/www.raum-gefluester.de\/wp-content\/uploads\/2025\/07\/Ueber-mich_0-1024x576.png\" alt=\"\" class=\"wp-image-182\" srcset=\"https:\/\/www.raum-gefluester.de\/wp-content\/uploads\/2025\/07\/Ueber-mich_0-1024x576.png 1024w, https:\/\/www.raum-gefluester.de\/wp-content\/uploads\/2025\/07\/Ueber-mich_0-300x169.png 300w, https:\/\/www.raum-gefluester.de\/wp-content\/uploads\/2025\/07\/Ueber-mich_0-768x432.png 768w, https:\/\/www.raum-gefluester.de\/wp-content\/uploads\/2025\/07\/Ueber-mich_0.png 1366w\" sizes=\"auto, (max-width: 1024px) 100vw, 1024px\" \/><\/a><\/figure>\n\n\n\n<blockquote class=\"wp-block-quote is-layout-flow wp-block-quote-is-layout-flow\">\n<p><strong><em>\u201eEs sind die Begegnungen mit Menschen,<\/em><\/strong><br>\n<strong><em>die das Leben lebenswert machen\u201c<\/em><\/strong><\/p>\n<\/blockquote>\n\n\n\n<p>Ich bin 1973 geboren, verheiratet und Mutter von 2 S\u00f6hnen.<br>\nMit meiner Familie wohne ich in Fr\u00e4nkisch-Crumbach im Odenwald.<br>\nIm November 2011 habe ich die Pr\u00fcfung zur Heilpraktikerin f\u00fcr Psychotherapie abgelegt.<br>\nSeit M\u00e4rz 2014 bin ich Systemische Beraterin.<br>\nIm Mai 2015 habe ich die Ausbildung in der Cranio-Sacrale-Osteopathie erfolgreich abgeschlossen.<br>\nIm Dezember 2015 habe ich meine Ausbildung der Hom\u00f6opathie erfolgreich abgeschlossen.<\/p>\n","protected":false},"excerpt":{"rendered":"<p>\u201eEs sind die Begegnungen mit Menschen, die das Leben lebenswert machen\u201c Ich bin 1973 geboren, verheiratet und Mutter von 2 S\u00f6hnen. Mit meiner Familie wohne ich in Fr\u00e4nkisch-Crumbach im Odenwald. Im November 2011 habe ich die Pr\u00fcfung zur Heilpraktikerin f\u00fcr&hellip; <\/p>\n","protected":false},"author":1,"featured_media":0,"parent":0,"menu_order":0,"comment_status":"closed","ping_status":"closed","template":"","meta":{"footnotes":""},"class_list":["post-19","page","type-page","status-publish","hentry"],"_links":{"self":[{"href":"https:\/\/www.raum-gefluester.de\/index.php?rest_route=\/wp\/v2\/pages\/19","targetHints":{"allow":["GET"]}}],"collection":[{"href":"https:\/\/www.raum-gefluester.de\/index.php?rest_route=\/wp\/v2\/pages"}],"about":[{"href":"https:\/\/www.raum-gefluester.de\/index.php?rest_route=\/wp\/v2\/types\/page"}],"author":[{"embeddable":true,"href":"https:\/\/www.raum-gefluester.de\/index.php?rest_route=\/wp\/v2\/users\/1"}],"replies":[{"embeddable":true,"href":"https:\/\/www.raum-gefluester.de\/index.php?rest_route=%2Fwp%2Fv2%2Fcomments&post=19"}],"version-history":[{"count":8,"href":"https:\/\/www.raum-gefluester.de\/index.php?rest_route=\/wp\/v2\/pages\/19\/revisions"}],"predecessor-version":[{"id":189,"href":"https:\/\/www.raum-gefluester.de\/index.php?rest_route=\/wp\/v2\/pages\/19\/revisions\/189"}],"wp:attachment":[{"href":"https:\/\/www.raum-gefluester.de\/index.php?rest_route=%2Fwp%2Fv2%2Fmedia&parent=19"}],"curies":[{"name":"wp","href":"https:\/\/api.w.org\/{rel}","templated":true}]}}