{"id":15,"date":"2014-09-14T19:04:14","date_gmt":"2014-09-14T17:04:14","guid":{"rendered":"http:\/\/www.raum-gefluester.de\/?page_id=15"},"modified":"2025-07-01T14:38:29","modified_gmt":"2025-07-01T12:38:29","slug":"ich-freue-mich-ueber-ihren-besuch-auf-meiner-homepage","status":"publish","type":"page","link":"https:\/\/www.raum-gefluester.de\/","title":{"rendered":"Raum-Gefl\u00fcster"},"content":{"rendered":"\n<figure class=\"wp-block-image size-large\"><a href=\"http:\/\/www.raum-gefluester.de\/wp-content\/uploads\/2025\/07\/Startseite_0.png\"><img loading=\"lazy\" decoding=\"async\" width=\"1024\" height=\"576\" src=\"http:\/\/www.raum-gefluester.de\/wp-content\/uploads\/2025\/07\/Startseite_0-1024x576.png\" alt=\"\" class=\"wp-image-181\" srcset=\"https:\/\/www.raum-gefluester.de\/wp-content\/uploads\/2025\/07\/Startseite_0-1024x576.png 1024w, https:\/\/www.raum-gefluester.de\/wp-content\/uploads\/2025\/07\/Startseite_0-300x169.png 300w, https:\/\/www.raum-gefluester.de\/wp-content\/uploads\/2025\/07\/Startseite_0-768x432.png 768w, https:\/\/www.raum-gefluester.de\/wp-content\/uploads\/2025\/07\/Startseite_0.png 1366w\" sizes=\"auto, (max-width: 1024px) 100vw, 1024px\" \/><\/a><\/figure>\n\n\n\n<blockquote class=\"wp-block-quote is-layout-flow wp-block-quote-is-layout-flow\">\n<p><strong><em>\u201eUm klar zu sehen, gen\u00fcgt oft ein Wechsel der Blickrichtung\u201c<\/em><\/strong><br>\n<span style=\"font-size: small;\">(Antoine de Saint-Exup\u00e8ry)<\/span><\/p>\n<\/blockquote>\n\n\n\n<p>Sie befinden sich m\u00f6glicherweise in einer Lebensphase, in der Sie sich mit Ihren Problemen allein gelassen f\u00fchlen.<br>\nSie haben den Eindruck, nicht weiterzukommen, sondern immer wieder \u00e4hnliche unbefriedigende Situationen zu erleben.<br>\nDann kann es sinnvoll sein, sich Unterst\u00fctzung von einer au\u00dfenstehenden Person zu holen, die nicht in Ihr Leben involviert ist.<br>\nEin Mensch, an den Sie sich wenden k\u00f6nnen, ohne R\u00fccksicht auf seine Bed\u00fcrfnisse nehmen zu m\u00fcssen, sondern dem es ganz allein um Ihre Entwicklung und um Ihre Zufriedenheit geht.<br>\nDiese Art der Unterst\u00fctzung kann sowohl bei privaten und famili\u00e4ren als auch bei beruflichen Themen sinnvoll und hilfreich sein.<\/p>\n","protected":false},"excerpt":{"rendered":"<p>\u201eUm klar zu sehen, gen\u00fcgt oft ein Wechsel der Blickrichtung\u201c (Antoine de Saint-Exup\u00e8ry) Sie befinden sich m\u00f6glicherweise in einer Lebensphase, in der Sie sich mit Ihren Problemen allein gelassen f\u00fchlen. Sie haben den Eindruck, nicht weiterzukommen, sondern immer wieder \u00e4hnliche&hellip; <\/p>\n","protected":false},"author":1,"featured_media":0,"parent":0,"menu_order":0,"comment_status":"closed","ping_status":"closed","template":"","meta":{"footnotes":""},"class_list":["post-15","page","type-page","status-publish","hentry"],"_links":{"self":[{"href":"https:\/\/www.raum-gefluester.de\/index.php?rest_route=\/wp\/v2\/pages\/15","targetHints":{"allow":["GET"]}}],"collection":[{"href":"https:\/\/www.raum-gefluester.de\/index.php?rest_route=\/wp\/v2\/pages"}],"about":[{"href":"https:\/\/www.raum-gefluester.de\/index.php?rest_route=\/wp\/v2\/types\/page"}],"author":[{"embeddable":true,"href":"https:\/\/www.raum-gefluester.de\/index.php?rest_route=\/wp\/v2\/users\/1"}],"replies":[{"embeddable":true,"href":"https:\/\/www.raum-gefluester.de\/index.php?rest_route=%2Fwp%2Fv2%2Fcomments&post=15"}],"version-history":[{"count":7,"href":"https:\/\/www.raum-gefluester.de\/index.php?rest_route=\/wp\/v2\/pages\/15\/revisions"}],"predecessor-version":[{"id":185,"href":"https:\/\/www.raum-gefluester.de\/index.php?rest_route=\/wp\/v2\/pages\/15\/revisions\/185"}],"wp:attachment":[{"href":"https:\/\/www.raum-gefluester.de\/index.php?rest_route=%2Fwp%2Fv2%2Fmedia&parent=15"}],"curies":[{"name":"wp","href":"https:\/\/api.w.org\/{rel}","templated":true}]}}